{"id":625,"date":"2017-10-09T14:15:35","date_gmt":"2017-10-09T13:15:35","guid":{"rendered":"http:\/\/www.adhoc-computing.com\/?page_id=625"},"modified":"2017-10-09T16:43:53","modified_gmt":"2017-10-09T15:43:53","slug":"les-solutions-qui-repondent-a-vos-besoins","status":"publish","type":"page","link":"https:\/\/www.adhoc-computing.com\/fr\/les-solutions-qui-repondent-a-vos-besoins\/","title":{"rendered":"Les Solutions qui r\u00e9pondent \u00e0 vos Besoins"},"content":{"rendered":"<p>Dites-nous ce que vous recherchez,<br \/>\nNous vous proposerons les meilleurs choix calqu\u00e9s sur vos besoins ou, au moins, des r\u00e9ponses \u00e0 vos questions.<br \/>\nAvec vous, nous chercherons \u00e0 vous faire une proposition qui vous fera r\u00e9fl\u00e9chir&#8230;<\/p>\n<p>Regardez ce que nous savons faire:<\/p>\n<ul>\n<li><a title=\"OpenERP\" href=\"http:\/\/www.adhoc-computing.com\/odoo\">Gestion d&rsquo;entreprise via un ERP (OpenERP): Odoo<\/a><\/li>\n<li>Plateforme de pr\u00e9sentation d&rsquo;Information<\/li>\n<li>Design &amp; D\u00e9veloppement Web<\/li>\n<li>Environnements &laquo;&nbsp;Video Cloud&nbsp;&raquo;<\/li>\n<li>Projecteurs interractifs ou 3D<\/li>\n<li>Int\u00e9gration Multi-plateforme<\/li>\n<li>Smart Cities &#8211; Smart Data<\/li>\n<li>Streaming en temps r\u00e9el<\/li>\n<li>Bases de donn\u00e9es<\/li>\n<li>Cloud Computing<\/li>\n<li>Virtualisation<\/li>\n<li>OpenSource<\/li>\n<li>Badges ID<\/li>\n<li>Pare Feu<\/li>\n<li>et bien d&rsquo;autres &#8230;<\/li>\n<\/ul>\n","protected":false},"excerpt":{"rendered":"<p>Dites-nous ce que vous recherchez, Nous vous proposerons les meilleurs choix calqu\u00e9s sur vos besoins ou, au moins, des r\u00e9ponses \u00e0 vos questions. Avec vous, nous chercherons \u00e0 vous faire une proposition qui vous fera r\u00e9fl\u00e9chir&#8230; Regardez ce que nous savons faire: Gestion d&rsquo;entreprise via un ERP (OpenERP): Odoo Plateforme de pr\u00e9sentation d&rsquo;Information Design &amp; [&hellip;]<\/p>\n","protected":false},"author":5,"featured_media":0,"parent":0,"menu_order":0,"comment_status":"closed","ping_status":"open","template":"","meta":{"footnotes":""},"dipi_cpt_category":[],"class_list":["post-625","page","type-page","status-publish","hentry"],"_links":{"self":[{"href":"https:\/\/www.adhoc-computing.com\/fr\/wp-json\/wp\/v2\/pages\/625","targetHints":{"allow":["GET"]}}],"collection":[{"href":"https:\/\/www.adhoc-computing.com\/fr\/wp-json\/wp\/v2\/pages"}],"about":[{"href":"https:\/\/www.adhoc-computing.com\/fr\/wp-json\/wp\/v2\/types\/page"}],"author":[{"embeddable":true,"href":"https:\/\/www.adhoc-computing.com\/fr\/wp-json\/wp\/v2\/users\/5"}],"replies":[{"embeddable":true,"href":"https:\/\/www.adhoc-computing.com\/fr\/wp-json\/wp\/v2\/comments?post=625"}],"version-history":[{"count":3,"href":"https:\/\/www.adhoc-computing.com\/fr\/wp-json\/wp\/v2\/pages\/625\/revisions"}],"predecessor-version":[{"id":673,"href":"https:\/\/www.adhoc-computing.com\/fr\/wp-json\/wp\/v2\/pages\/625\/revisions\/673"}],"wp:attachment":[{"href":"https:\/\/www.adhoc-computing.com\/fr\/wp-json\/wp\/v2\/media?parent=625"}],"wp:term":[{"taxonomy":"dipi_cpt_category","embeddable":true,"href":"https:\/\/www.adhoc-computing.com\/fr\/wp-json\/wp\/v2\/dipi_cpt_category?post=625"}],"curies":[{"name":"wp","href":"https:\/\/api.w.org\/{rel}","templated":true}]}}