{"id":645,"date":"2017-10-09T14:26:58","date_gmt":"2017-10-09T13:26:58","guid":{"rendered":"http:\/\/www.adhoc-computing.com\/?page_id=645"},"modified":"2017-10-09T14:26:58","modified_gmt":"2017-10-09T13:26:58","slug":"realisations","status":"publish","type":"page","link":"https:\/\/www.adhoc-computing.com\/fr\/realisations\/","title":{"rendered":"R\u00e9alisations"},"content":{"rendered":"<p>Voici quelques-unes de nos derni\u00e8res r\u00e9alisations:<\/p>\n<p><a href=\"http:\/\/www.leblans.be\"><img loading=\"lazy\" decoding=\"async\" class=\"alignleft size-thumbnail wp-image-466\" title=\"leblans\" src=\"https:\/\/www.adhoc-computing.com\/wp-content\/uploads\/2012\/12\/leblans_vfb-150x150.png\" alt=\"\" width=\"150\" height=\"150\" \/><\/a><br \/>\nBijouterie Isabelle Leblans<br \/>\n<\/br><\/br><\/br><\/br><br \/>\n<a href=\"http:\/\/www.pouramandine.org\"><img loading=\"lazy\" decoding=\"async\" class=\"alignleft size-thumbnail wp-image-310\" title=\"pouramandine\" src=\"https:\/\/www.adhoc-computing.com\/wp-content\/uploads\/2012\/08\/amandine_vfb-150x150.png\" alt=\"\" width=\"150\" height=\"150\" \/><\/a><br \/>\nASBL Pour Amandine<br \/>\n<\/br><\/br><\/br><\/br><br \/>\n<a href=\"http:\/\/www.nappyisbeautiful.be\"><img loading=\"lazy\" decoding=\"async\" class=\"alignleft size-full wp-image-301\" title=\"nappyisbeautiful.be\" src=\"https:\/\/www.adhoc-computing.com\/wp-content\/uploads\/2012\/06\/nappy.jpg\" alt=\"nappyisbeautiful.be\" width=\"149\" height=\"84\" \/><\/a><br \/>\nBlog : NAPPY is BEAUTIFUL<br \/>\n<\/br><\/br><br \/>\n<a href=\"http:\/\/www.kntv.be\"><img loading=\"lazy\" decoding=\"async\" class=\"alignleft size-full wp-image-124\" title=\"kntv\" src=\"https:\/\/www.adhoc-computing.com\/wp-content\/uploads\/2012\/03\/kntv.png\" alt=\"\" width=\"149\" height=\"84\" \/><\/a><br \/>\nKNTV<\/p>\n","protected":false},"excerpt":{"rendered":"<p>Voici quelques-unes de nos derni\u00e8res r\u00e9alisations: Bijouterie Isabelle Leblans ASBL Pour Amandine Blog : NAPPY is BEAUTIFUL KNTV<\/p>\n","protected":false},"author":5,"featured_media":0,"parent":0,"menu_order":0,"comment_status":"closed","ping_status":"closed","template":"","meta":{"footnotes":""},"dipi_cpt_category":[],"class_list":["post-645","page","type-page","status-publish","hentry"],"_links":{"self":[{"href":"https:\/\/www.adhoc-computing.com\/fr\/wp-json\/wp\/v2\/pages\/645","targetHints":{"allow":["GET"]}}],"collection":[{"href":"https:\/\/www.adhoc-computing.com\/fr\/wp-json\/wp\/v2\/pages"}],"about":[{"href":"https:\/\/www.adhoc-computing.com\/fr\/wp-json\/wp\/v2\/types\/page"}],"author":[{"embeddable":true,"href":"https:\/\/www.adhoc-computing.com\/fr\/wp-json\/wp\/v2\/users\/5"}],"replies":[{"embeddable":true,"href":"https:\/\/www.adhoc-computing.com\/fr\/wp-json\/wp\/v2\/comments?post=645"}],"version-history":[{"count":1,"href":"https:\/\/www.adhoc-computing.com\/fr\/wp-json\/wp\/v2\/pages\/645\/revisions"}],"predecessor-version":[{"id":646,"href":"https:\/\/www.adhoc-computing.com\/fr\/wp-json\/wp\/v2\/pages\/645\/revisions\/646"}],"wp:attachment":[{"href":"https:\/\/www.adhoc-computing.com\/fr\/wp-json\/wp\/v2\/media?parent=645"}],"wp:term":[{"taxonomy":"dipi_cpt_category","embeddable":true,"href":"https:\/\/www.adhoc-computing.com\/fr\/wp-json\/wp\/v2\/dipi_cpt_category?post=645"}],"curies":[{"name":"wp","href":"https:\/\/api.w.org\/{rel}","templated":true}]}}